{"id":103,"date":"2019-08-10T23:00:59","date_gmt":"2019-08-11T03:00:59","guid":{"rendered":"https:\/\/ca.nassanicosmetics.com\/produit\/lavender-conditioner-ultra-premium\/"},"modified":"2026-03-19T19:08:43","modified_gmt":"2026-03-19T23:08:43","slug":"revitalisant-naturel-lavande-resveratrol","status":"publish","type":"product","link":"https:\/\/ca.nassanicosmetics.com\/en\/product\/natural-conditioner-lavander-resveratrol\/","title":{"rendered":"Natural conditionner lavander with resveratrol"},"content":{"rendered":"<p class=\"p1 translation-block\">This restorative conditioner contains natural resveratrol, essential oils and botanical extracts with mild ingredients. These natural organic oils and extracts are a valuable source of minerals and vitamins A, B, D and E. Organic Coconut Oil reduces protein loss and creates a protective barrier on hair leaving a silky texture. The organic Jojoba oil, thanks to its anti-fungal and anti-inflammatory properties, keeps the hair clean and healthy. Its keratoplastic effect makes hair shiny and enhances its natural color. Jojoba oil smoothes hair cuticles and repairs dry, frizzy and dull hair. French Lavender Oil has properties that work against lice. It is useful in the treatment of scalp infections and its dryness. Its antimicrobial properties help prevent the growth of bacteria and fungi. The soothing aroma of lavender oil helps calm the nervous system. Organic Sunflower Oil is an important source of Alpha Linolenic Gamma Acid (GLA) that helps prevent hair loss.<\/p>","protected":false},"excerpt":{"rendered":"<p class=\"p1 translation-block\">Nassani Lavender Conditioner is a high quality conditioner that moisturizes dry scalp, prevents hair loss. The soothing aroma of lavender oil helps calm the nervous system. It is formulated with natural resveratrol, organic oils and plant extracts, without SLS, with a gentle pH adjusted and ideal for all hair types, for her and him. Volume: 230 ml.<\/p>","protected":false},"featured_media":5272,"comment_status":"open","ping_status":"closed","template":"","meta":{"_et_pb_use_builder":"off","_et_pb_old_content":"<p class=\"p1\"><span class=\"s1\">Ce revitalisant r\u00e9parateur contient du resveratrol naturel, des huiles essentielles et des extraits botaniques avec des ingr\u00e9dients doux. Ces huiles et extraits organiques naturels sont une source pr\u00e9cieuse de <b>min\u00e9raux<\/b> et <b>vitamines A, B, D <\/b>et<b> E<\/b>. L'huile organique de <i>Noix de Coco<\/i> r\u00e9duit la perte de prot\u00e9ines et cr\u00e9e une barri\u00e8re protectrice sur les cheveux laissant une texture satin\u00e9e. L'huile organique de <i>Jojoba<\/i>, gr\u00e2ce \u00e0 ses propri\u00e9t\u00e9s antifongique et anti-inflammatoire, maintient la chevelure propre et en bonne sant\u00e9. Son effet <b>k\u00e9ratoplastique<\/b> rend les cheveux brillants et met en valeur sa couleur naturelle. L\u2019huile de <i>Jojoba<\/i> lisse les cuticules des cheveux et r\u00e9pare les cheveux secs, cr\u00e9pus et ternes. L\u2019<i>Huile de Lavande Fran\u00e7aise<\/i> a des propri\u00e9t\u00e9s qui agissent contre les poux. Il est utile dans le traitement des infections du cuir chevelu et sa <b>s\u00e9cheresse<\/b>. Ses propri\u00e9t\u00e9s antimicrobiennes aident \u00e0 pr\u00e9venir la croissance des bact\u00e9ries et des champignons. L'ar\u00f4me <b>apaisant<\/b> de l'huile de lavande aide \u00e0 calmer le syst\u00e8me nerveux. L'huile <i>Organique de Tournesol<\/i> est une source importante d'<i>Acide Gamma Alpha Linol\u00e9nique<\/i> (GLA) qui aide \u00e0 pr\u00e9venir la perte de cheveux.<\/span><\/p>","_et_gb_content_width":""},"product_cat":[18],"product_tag":[],"_links":{"self":[{"href":"https:\/\/ca.nassanicosmetics.com\/en\/wp-json\/wp\/v2\/product\/103"}],"collection":[{"href":"https:\/\/ca.nassanicosmetics.com\/en\/wp-json\/wp\/v2\/product"}],"about":[{"href":"https:\/\/ca.nassanicosmetics.com\/en\/wp-json\/wp\/v2\/types\/product"}],"replies":[{"embeddable":true,"href":"https:\/\/ca.nassanicosmetics.com\/en\/wp-json\/wp\/v2\/comments?post=103"}],"wp:featuredmedia":[{"embeddable":true,"href":"https:\/\/ca.nassanicosmetics.com\/en\/wp-json\/wp\/v2\/media\/5272"}],"wp:attachment":[{"href":"https:\/\/ca.nassanicosmetics.com\/en\/wp-json\/wp\/v2\/media?parent=103"}],"wp:term":[{"taxonomy":"product_cat","embeddable":true,"href":"https:\/\/ca.nassanicosmetics.com\/en\/wp-json\/wp\/v2\/product_cat?post=103"},{"taxonomy":"product_tag","embeddable":true,"href":"https:\/\/ca.nassanicosmetics.com\/en\/wp-json\/wp\/v2\/product_tag?post=103"}],"curies":[{"name":"wp","href":"https:\/\/api.w.org\/{rel}","templated":true}]}}