{"id":2605,"date":"2020-11-03T07:18:25","date_gmt":"2020-11-03T12:18:25","guid":{"rendered":"https:\/\/ca.nassanicosmetics.com\/?post_type=product&#038;p=2605"},"modified":"2026-03-19T19:07:32","modified_gmt":"2026-03-19T23:07:32","slug":"nettoyant-visage-avec-bio-resveratrol","status":"publish","type":"product","link":"https:\/\/ca.nassanicosmetics.com\/en\/product\/face-cleanser-with-bio-resveratrol\/","title":{"rendered":"Face Cleanser with Bio-Resveratrol"},"content":{"rendered":"<p>[et_pb_section bb_built=&#8221;1&#8243; _builder_version=&#8221;3.22&#8243; custom_padding=&#8221;0px||||false|false&#8221;][et_pb_row _builder_version=&#8221;3.25&#8243; background_size=&#8221;initial&#8221; background_position=&#8221;top_left&#8221; background_repeat=&#8221;repeat&#8221; width=&#8221;100%&#8221; custom_padding=&#8221;0px||0px||false|false&#8221;][et_pb_column type=&#8221;4_4&#8243; _builder_version=&#8221;3.25&#8243; custom_padding=&#8221;|||&#8221; custom_padding__hover=&#8221;|||&#8221;][et_pb_wc_breadcrumb _builder_version=&#8221;3.0.47&#8243; \/][et_pb_wc_cart_notice _builder_version=&#8221;3.0.47&#8243; \/][\/et_pb_column][\/et_pb_row][et_pb_row column_structure=&#8221;1_2,1_2&#8243; _builder_version=&#8221;3.25&#8243; background_size=&#8221;initial&#8221; background_position=&#8221;top_left&#8221; background_repeat=&#8221;repeat&#8221; width=&#8221;100%&#8221; custom_padding=&#8221;0px||||false|false&#8221;][et_pb_column type=&#8221;1_2&#8243; _builder_version=&#8221;3.25&#8243; custom_padding=&#8221;|||&#8221; custom_padding__hover=&#8221;|||&#8221;][et_pb_wc_images _builder_version=&#8221;3.0.47&#8243; \/][\/et_pb_column][et_pb_column type=&#8221;1_2&#8243; _builder_version=&#8221;3.25&#8243; custom_padding=&#8221;|||&#8221; custom_padding__hover=&#8221;|||&#8221;][et_pb_wc_title _builder_version=&#8221;3.0.47&#8243; \/][et_pb_wc_rating _builder_version=&#8221;3.0.47&#8243; \/][et_pb_wc_price _builder_version=&#8221;3.0.47&#8243; \/][et_pb_wc_description _builder_version=&#8221;3.0.47&#8243; \/][et_pb_wc_add_to_cart _builder_version=&#8221;3.0.47&#8243; \/][et_pb_wc_meta _builder_version=&#8221;3.0.47&#8243; \/][et_pb_video src=&#8221;https:\/\/www.youtube.com\/watch?v=g5HKIMlRV7Q&#8221; image_src=&#8221;\/\/i.ytimg.com\/vi\/g5HKIMlRV7Q\/hqdefault.jpg&#8221; thumbnail_overlay_color=&#8221;rgba(0,0,0,0.6)&#8221; _builder_version=&#8221;4.6.6&#8243; _module_preset=&#8221;default&#8221; hover_enabled=&#8221;0&#8243; width_last_edited=&#8221;on|phone&#8221; max_width_last_edited=&#8221;on|phone&#8221; custom_margin_last_edited=&#8221;on|phone&#8221; custom_margin_phone=&#8221;|-30px||-30px|false|false&#8221; sticky_enabled=&#8221;0&#8243; \/][\/et_pb_column][\/et_pb_row][et_pb_row _builder_version=&#8221;3.25&#8243; background_size=&#8221;initial&#8221; background_position=&#8221;top_left&#8221; background_repeat=&#8221;repeat&#8221; width=&#8221;100%&#8221;][et_pb_column type=&#8221;4_4&#8243; _builder_version=&#8221;3.25&#8243; custom_padding=&#8221;|||&#8221; custom_padding__hover=&#8221;|||&#8221;][et_pb_wc_tabs _builder_version=&#8221;3.0.47&#8243; \/][et_pb_wc_upsells _builder_version=&#8221;3.0.47&#8243; \/][et_pb_wc_related_products _builder_version=&#8221;3.0.47&#8243; \/][\/et_pb_column][\/et_pb_row][\/et_pb_section]<\/p>\n","protected":false},"excerpt":{"rendered":"<p>Soothing cleanser for all skin types.<br \/>\nFace cleanser bio for your best face cleansing routine.<br \/>\nThis natural facial cleanser contains bio-resveratrol, the best natural ingredient today to renew your cells, your skin, your face.<br \/>\nEliminates impurities.<br \/>\nRemoves makeup<\/p>","protected":false},"featured_media":2606,"comment_status":"open","ping_status":"closed","template":"","meta":{"_et_pb_use_builder":"on","_et_pb_old_content":"<span style=\"color: #000000; font-family: arial, sans-serif;\">Adoucit la peau en \u00e9liminant le maquillage, le s\u00e9bum et les impuret\u00e9s. Apaise les peaux\u00a0s\u00e8ches et sensibles. Stabilise les peaux normales et nettoie parfaitement les peaux grasses.<\/span>\r\n<div><span style=\"color: #000000; font-family: arial, sans-serif;\">- Puissant agent humectant obtenu \u00e0 partir de sources v\u00e9g\u00e9tales.<\/span><\/div>\r\n<div><span style=\"color: #000000; font-family: arial, sans-serif;\">- Fort pouvoir hydratant gr\u00e2ce \u00e0 sa haute capacit\u00e9 d'absorption d\u2019eau.\u00a0<\/span><\/div>\r\n<div><span style=\"color: #000000; font-family: arial, sans-serif;\">- Tonifie et nettoie la peau en profondeur.<\/span><\/div>\r\n<div><span style=\"color: #000000; font-family: arial, sans-serif;\">- Pr\u00e9vient le vieillissement pr\u00e9matur\u00e9.<\/span><\/div>\r\n\u00a0","_et_gb_content_width":""},"product_cat":[17],"product_tag":[],"_links":{"self":[{"href":"https:\/\/ca.nassanicosmetics.com\/en\/wp-json\/wp\/v2\/product\/2605"}],"collection":[{"href":"https:\/\/ca.nassanicosmetics.com\/en\/wp-json\/wp\/v2\/product"}],"about":[{"href":"https:\/\/ca.nassanicosmetics.com\/en\/wp-json\/wp\/v2\/types\/product"}],"replies":[{"embeddable":true,"href":"https:\/\/ca.nassanicosmetics.com\/en\/wp-json\/wp\/v2\/comments?post=2605"}],"wp:featuredmedia":[{"embeddable":true,"href":"https:\/\/ca.nassanicosmetics.com\/en\/wp-json\/wp\/v2\/media\/2606"}],"wp:attachment":[{"href":"https:\/\/ca.nassanicosmetics.com\/en\/wp-json\/wp\/v2\/media?parent=2605"}],"wp:term":[{"taxonomy":"product_cat","embeddable":true,"href":"https:\/\/ca.nassanicosmetics.com\/en\/wp-json\/wp\/v2\/product_cat?post=2605"},{"taxonomy":"product_tag","embeddable":true,"href":"https:\/\/ca.nassanicosmetics.com\/en\/wp-json\/wp\/v2\/product_tag?post=2605"}],"curies":[{"name":"wp","href":"https:\/\/api.w.org\/{rel}","templated":true}]}}