{"id":95,"date":"2019-08-10T23:00:59","date_gmt":"2019-08-10T21:00:59","guid":{"rendered":"https:\/\/ca.nassanicosmetics.com\/produit\/advanced-anti-aging-moisturizer-natural-resveratrol\/"},"modified":"2025-01-22T20:18:22","modified_gmt":"2025-01-23T01:18:22","slug":"creme-anti-age-resveratrol","status":"publish","type":"product","link":"https:\/\/ca.nassanicosmetics.com\/en\/product\/anti-aging-cream-resveratrol\/","title":{"rendered":"Advanced anti-aging moisturizer natural resveratrol"},"content":{"rendered":"<p>[et_pb_section fb_built=&#8221;1&#8243; _builder_version=&#8221;3.22&#8243; custom_padding=&#8221;0px||||false|false&#8221;][et_pb_row _builder_version=&#8221;3.25&#8243; background_size=&#8221;initial&#8221; background_position=&#8221;top_left&#8221; background_repeat=&#8221;repeat&#8221; width=&#8221;100%&#8221; custom_padding=&#8221;0px||0px||false|false&#8221;][et_pb_column type=&#8221;4_4&#8243; _builder_version=&#8221;3.25&#8243; custom_padding=&#8221;|||&#8221; custom_padding__hover=&#8221;|||&#8221;][et_pb_wc_breadcrumb _builder_version=&#8221;3.0.47&#8243;][\/et_pb_wc_breadcrumb][et_pb_wc_cart_notice _builder_version=&#8221;3.0.47&#8243;][\/et_pb_wc_cart_notice][\/et_pb_column][\/et_pb_row][et_pb_row column_structure=&#8221;1_2,1_2&#8243; _builder_version=&#8221;3.25&#8243; background_size=&#8221;initial&#8221; background_position=&#8221;top_left&#8221; background_repeat=&#8221;repeat&#8221; width=&#8221;100%&#8221; custom_padding=&#8221;0px||||false|false&#8221;][et_pb_column type=&#8221;1_2&#8243; _builder_version=&#8221;3.25&#8243; custom_padding=&#8221;|||&#8221; custom_padding__hover=&#8221;|||&#8221;][et_pb_wc_images _builder_version=&#8221;3.0.47&#8243;][\/et_pb_wc_images][\/et_pb_column][et_pb_column type=&#8221;1_2&#8243; _builder_version=&#8221;3.25&#8243; custom_padding=&#8221;|||&#8221; custom_padding__hover=&#8221;|||&#8221;][et_pb_wc_title _builder_version=&#8221;3.0.47&#8243;][\/et_pb_wc_title][et_pb_wc_rating _builder_version=&#8221;3.0.47&#8243;][\/et_pb_wc_rating][et_pb_wc_price _builder_version=&#8221;3.0.47&#8243;][\/et_pb_wc_price][et_pb_wc_description _builder_version=&#8221;3.0.47&#8243;][\/et_pb_wc_description][et_pb_wc_add_to_cart _builder_version=&#8221;3.0.47&#8243;][\/et_pb_wc_add_to_cart][et_pb_wc_meta _builder_version=&#8221;3.0.47&#8243;][\/et_pb_wc_meta][\/et_pb_column][\/et_pb_row][et_pb_row _builder_version=&#8221;4.3.2&#8243;][et_pb_column type=&#8221;4_4&#8243; _builder_version=&#8221;4.3.2&#8243;][et_pb_video_slider _builder_version=&#8221;4.4.2&#8243;][et_pb_video_slider_item src=&#8221;https:\/\/youtu.be\/acGbxgbf_ys&#8221; _builder_version=&#8221;4.4.2&#8243; show_image_overlay=&#8221;off&#8221;][\/et_pb_video_slider_item][et_pb_video_slider_item src=&#8221;https:\/\/youtu.be\/MPYVHyH5h6g&#8221; _builder_version=&#8221;4.4.2&#8243; show_image_overlay=&#8221;off&#8221;][\/et_pb_video_slider_item][\/et_pb_video_slider][\/et_pb_column][\/et_pb_row][et_pb_row _builder_version=&#8221;3.25&#8243; background_size=&#8221;initial&#8221; background_position=&#8221;top_left&#8221; background_repeat=&#8221;repeat&#8221; width=&#8221;100%&#8221;][et_pb_column type=&#8221;4_4&#8243; _builder_version=&#8221;3.25&#8243; custom_padding=&#8221;|||&#8221; custom_padding__hover=&#8221;|||&#8221;][et_pb_wc_tabs _builder_version=&#8221;3.0.47&#8243;]\t\t\t\t\t[\/et_pb_wc_tabs][et_pb_wc_upsells _builder_version=&#8221;3.0.47&#8243;][\/et_pb_wc_upsells][et_pb_wc_related_products _builder_version=&#8221;3.0.47&#8243;][\/et_pb_wc_related_products][\/et_pb_column][\/et_pb_row][\/et_pb_section]<\/p>\n","protected":false},"excerpt":{"rendered":"<p class=\"p1\"><span class=\"s1\">The NASSANI Advanced Anti-Aging Moisturizer is a luxurious face cream prepared with deeply moisturizing natural extracts and Bio-Resveratrol, restoring the radiance of your skin. It provides the anti-oxidant actions resulting in skin elasticity and suppleness. It improves blood circulation and enhances collagen production, thus inhibiting the appearance of dark spots and preserving a healthy glow of the skin. The innovative IntenseLift Pro-Collagen Complex fights the signs of sagging skin and the appearance of deep wrinkles. Suitable for all skin types.<\/span><\/p>","protected":false},"featured_media":4307,"comment_status":"open","ping_status":"closed","template":"","meta":{"_et_pb_use_builder":"on","_et_pb_old_content":"<p class=\"p1\"><span class=\"s1\">o <\/span><span class=\"s2\">Approuv\u00e9 dermatologiquement<\/span><\/p>\r\n<p class=\"p1\"><span class=\"s1\">o <\/span><span class=\"s2\">Nonirritant<\/span><\/p>\r\n<p class=\"p1\"><span class=\"s1\">o <\/span><span class=\"s2\">Hypoallerg\u00e9nique<\/span><\/p>\r\n<p class=\"p1\"><span class=\"s1\">o Formul\u00e9 avec Bio-Resv\u00e9ratrol<\/span><\/p>\r\n<p class=\"p1\"><span class=\"s1\">o Complexe Novateur IntenseLift Pro-Collag\u00e8ne pour combattre les signes d\u2019affaissement de la peau et de rides profondes.<\/span><\/p>\r\n<p class=\"p1\"><span class=\"s1\">o Action de microlifting.<\/span><\/p>\r\n<p class=\"p1\"><span class=\"s1\">o Aide \u00e0 \u00e9claircir la peau pour une peau visiblement plus rayonnante et plus jeune.<\/span><\/p>\r\n<p class=\"p1\"><span class=\"s1\">o Am\u00e9liore l'\u00e9lasticit\u00e9 et la souplesse de votre peau.<\/span><\/p>\r\n<p class=\"p1\"><span class=\"s1\">o Convient \u00e0 tous types de peau.<\/span><\/p>\r\n<p class=\"p1\"><span class=\"s1\">o Application Jour et Nuit.<\/span><\/p>\r\n<p class=\"p1\"><span class=\"s1\">o Sans parabens ajout\u00e9s, sans formald\u00e9hyde, dioxane, sulfates, phtalates et huile min\u00e9rale.<\/span><\/p>","_et_gb_content_width":""},"product_cat":[17],"product_tag":[],"_links":{"self":[{"href":"https:\/\/ca.nassanicosmetics.com\/en\/wp-json\/wp\/v2\/product\/95"}],"collection":[{"href":"https:\/\/ca.nassanicosmetics.com\/en\/wp-json\/wp\/v2\/product"}],"about":[{"href":"https:\/\/ca.nassanicosmetics.com\/en\/wp-json\/wp\/v2\/types\/product"}],"replies":[{"embeddable":true,"href":"https:\/\/ca.nassanicosmetics.com\/en\/wp-json\/wp\/v2\/comments?post=95"}],"wp:featuredmedia":[{"embeddable":true,"href":"https:\/\/ca.nassanicosmetics.com\/en\/wp-json\/wp\/v2\/media\/4307"}],"wp:attachment":[{"href":"https:\/\/ca.nassanicosmetics.com\/en\/wp-json\/wp\/v2\/media?parent=95"}],"wp:term":[{"taxonomy":"product_cat","embeddable":true,"href":"https:\/\/ca.nassanicosmetics.com\/en\/wp-json\/wp\/v2\/product_cat?post=95"},{"taxonomy":"product_tag","embeddable":true,"href":"https:\/\/ca.nassanicosmetics.com\/en\/wp-json\/wp\/v2\/product_tag?post=95"}],"curies":[{"name":"wp","href":"https:\/\/api.w.org\/{rel}","templated":true}]}}