{"id":96,"date":"2019-08-10T23:00:59","date_gmt":"2019-08-10T21:00:59","guid":{"rendered":"https:\/\/ca.nassanicosmetics.com\/produit\/bright-complexion-serum-natural-resveratrol\/"},"modified":"2025-01-22T18:57:23","modified_gmt":"2025-01-22T23:57:23","slug":"serum-anti-age-resveratrol","status":"publish","type":"product","link":"https:\/\/ca.nassanicosmetics.com\/en\/product\/serum-anti-aging-resveratrol\/","title":{"rendered":"Bright complexion serum natural resveratrol"},"content":{"rendered":"<p>[et_pb_section fb_built=&#8221;1&#8243; _builder_version=&#8221;3.22&#8243; custom_padding=&#8221;0px||||false|false&#8221;][et_pb_row _builder_version=&#8221;3.25&#8243; background_size=&#8221;initial&#8221; background_position=&#8221;top_left&#8221; background_repeat=&#8221;repeat&#8221; width=&#8221;100%&#8221; custom_padding=&#8221;0px||0px||false|false&#8221;][et_pb_column type=&#8221;4_4&#8243; _builder_version=&#8221;3.25&#8243; custom_padding=&#8221;|||&#8221; custom_padding__hover=&#8221;|||&#8221;][et_pb_wc_breadcrumb _builder_version=&#8221;3.0.47&#8243;][\/et_pb_wc_breadcrumb][et_pb_wc_cart_notice _builder_version=&#8221;3.0.47&#8243;][\/et_pb_wc_cart_notice][\/et_pb_column][\/et_pb_row][et_pb_row column_structure=&#8221;1_2,1_2&#8243; _builder_version=&#8221;3.25&#8243; background_size=&#8221;initial&#8221; background_position=&#8221;top_left&#8221; background_repeat=&#8221;repeat&#8221; width=&#8221;100%&#8221; custom_padding=&#8221;0px||||false|false&#8221;][et_pb_column type=&#8221;1_2&#8243; _builder_version=&#8221;3.25&#8243; custom_padding=&#8221;|||&#8221; custom_padding__hover=&#8221;|||&#8221;][et_pb_wc_images _builder_version=&#8221;3.0.47&#8243;][\/et_pb_wc_images][\/et_pb_column][et_pb_column type=&#8221;1_2&#8243; _builder_version=&#8221;3.25&#8243; custom_padding=&#8221;|||&#8221; custom_padding__hover=&#8221;|||&#8221;][et_pb_wc_title _builder_version=&#8221;3.0.47&#8243;][\/et_pb_wc_title][et_pb_wc_rating _builder_version=&#8221;3.0.47&#8243;][\/et_pb_wc_rating][et_pb_wc_price _builder_version=&#8221;3.0.47&#8243;][\/et_pb_wc_price][et_pb_wc_description _builder_version=&#8221;3.0.47&#8243;][\/et_pb_wc_description][et_pb_wc_add_to_cart _builder_version=&#8221;4.2.2&#8243;][\/et_pb_wc_add_to_cart][et_pb_wc_meta _builder_version=&#8221;3.0.47&#8243;][\/et_pb_wc_meta][\/et_pb_column][\/et_pb_row][et_pb_row _builder_version=&#8221;3.25&#8243; background_size=&#8221;initial&#8221; background_position=&#8221;top_left&#8221; background_repeat=&#8221;repeat&#8221; width=&#8221;100%&#8221;][et_pb_column type=&#8221;4_4&#8243; _builder_version=&#8221;3.25&#8243; custom_padding=&#8221;|||&#8221; custom_padding__hover=&#8221;|||&#8221;][et_pb_wc_tabs _builder_version=&#8221;3.0.47&#8243;]\t\t\t\t\t[\/et_pb_wc_tabs][et_pb_wc_upsells _builder_version=&#8221;3.0.47&#8243;][\/et_pb_wc_upsells][et_pb_wc_related_products _builder_version=&#8221;3.0.47&#8243;][\/et_pb_wc_related_products][\/et_pb_column][\/et_pb_row][\/et_pb_section]<\/p>\n","protected":false},"excerpt":{"rendered":"<p class=\"p1 translation-block\">NASSANI Bright Complexion Serum with Resveratrol is a light nourishing serum that smoothens wrinkles and significantly improve the facial contours. Imperfections are instantly reduced giving a more youthful appearance. Your skin is immediately and sustainably hydrated. With the exceptional delicate formula, this incredibly indulgent serum leaves the skin soft and soothed. It helps prevent signs of aging, illuminates and enhances the radiance of the skin.<\/p>","protected":false},"featured_media":117,"comment_status":"open","ping_status":"closed","template":"","meta":{"_et_pb_use_builder":"on","_et_pb_old_content":"<p class=\"p1\"><span class=\"s1\">o <\/span><span class=\"s2\">Approuv\u00e9 dermatologiquement<\/span><\/p>\r\n<p class=\"p1\"><span class=\"s1\">o <\/span><span class=\"s2\">Nonirritant<\/span><\/p>\r\n<p class=\"p1\"><span class=\"s1\">o <\/span><span class=\"s2\">Hypoallerg\u00e9nique<\/span><\/p>\r\n<p class=\"p1\"><span class=\"s1\">o Formul\u00e9 avec Bio-Resv\u00e9ratrol<\/span><\/p>\r\n<p class=\"p1\"><span class=\"s1\">o R\u00e9duit les rougeurs et les imperfections et renforce l'\u00e9clat de la peau.<\/span><\/p>\r\n<p class=\"p1\"><span class=\"s1\">o \u00c9claircit la peau pour une peau visiblement radieuse.<\/span><\/p>\r\n<p class=\"p1\"><span class=\"s1\">o Donne \u00e0 votre peau une apparence plus jeune.<\/span><\/p>\r\n<p class=\"p1\"><span class=\"s1\">o Hydrate votre peau imm\u00e9diatement et durablement.<\/span><\/p>\r\n<p class=\"p1\"><span class=\"s1\">o Pr\u00e9vient les signes du vieillissement.<\/span><\/p>\r\n<p class=\"p1\"><span class=\"s1\">o Convient \u00e0 tous types de peau.<\/span><\/p>\r\n<p class=\"p1\"><span class=\"s1\">o Application Jour et Nuit. <\/span><\/p>\r\n<p class=\"p1\"><span class=\"s1\">o Sans parabens ajout\u00e9s, sans formald\u00e9hyde, dioxane, sulfates, phtalates et huile min\u00e9rale.<\/span><\/p>\r\n<p class=\"p1\"><span class=\"s1\">o Anti-\u00e2ge <\/span><\/p>\r\n<p class=\"p1\"><span class=\"s1\">o Anti-irritation <\/span><\/p>\r\n<p class=\"p1\"><span class=\"s1\">o Favorise la synth\u00e8se du Collag\u00e8ne IV<\/span><\/p>\r\n<p class=\"p1\"><span class=\"s1\">o Am\u00e9liore le teint <\/span><\/p>\r\n<p class=\"p1\"><span class=\"s1\">o \u00c9claircissement de la peau <\/span><\/p>\r\n<p class=\"p1\"><span class=\"s1\">o D\u00e9riv\u00e9 non animal<\/span><\/p>","_et_gb_content_width":""},"product_cat":[17],"product_tag":[],"_links":{"self":[{"href":"https:\/\/ca.nassanicosmetics.com\/en\/wp-json\/wp\/v2\/product\/96"}],"collection":[{"href":"https:\/\/ca.nassanicosmetics.com\/en\/wp-json\/wp\/v2\/product"}],"about":[{"href":"https:\/\/ca.nassanicosmetics.com\/en\/wp-json\/wp\/v2\/types\/product"}],"replies":[{"embeddable":true,"href":"https:\/\/ca.nassanicosmetics.com\/en\/wp-json\/wp\/v2\/comments?post=96"}],"wp:featuredmedia":[{"embeddable":true,"href":"https:\/\/ca.nassanicosmetics.com\/en\/wp-json\/wp\/v2\/media\/117"}],"wp:attachment":[{"href":"https:\/\/ca.nassanicosmetics.com\/en\/wp-json\/wp\/v2\/media?parent=96"}],"wp:term":[{"taxonomy":"product_cat","embeddable":true,"href":"https:\/\/ca.nassanicosmetics.com\/en\/wp-json\/wp\/v2\/product_cat?post=96"},{"taxonomy":"product_tag","embeddable":true,"href":"https:\/\/ca.nassanicosmetics.com\/en\/wp-json\/wp\/v2\/product_tag?post=96"}],"curies":[{"name":"wp","href":"https:\/\/api.w.org\/{rel}","templated":true}]}}