{"id":102,"date":"2019-08-10T23:00:59","date_gmt":"2019-08-11T03:00:59","guid":{"rendered":"https:\/\/ca.nassanicosmetics.com\/produit\/jasmine-shampoo-ultra-premium\/"},"modified":"2026-03-19T19:08:56","modified_gmt":"2026-03-19T23:08:56","slug":"shampoing-naturel-jasmin-resveratrol","status":"publish","type":"product","link":"https:\/\/ca.nassanicosmetics.com\/es\/producto\/champu-natural-jazmin-resveratrol\/","title":{"rendered":"Champ\u00fa Ultra Premium Jasmin con Resveratrol"},"content":{"rendered":"<p>[et_pb_section fb_built=&#8221;1&#8243; _builder_version=&#8221;3.22&#8243; custom_padding=&#8221;0px||||false|false&#8221;][et_pb_row _builder_version=&#8221;3.25&#8243; background_size=&#8221;initial&#8221; background_position=&#8221;top_left&#8221; background_repeat=&#8221;repeat&#8221; width=&#8221;100%&#8221; custom_padding=&#8221;0px||0px||false|false&#8221;][et_pb_column type=&#8221;4_4&#8243; _builder_version=&#8221;3.25&#8243; custom_padding=&#8221;|||&#8221; custom_padding__hover=&#8221;|||&#8221;][et_pb_wc_breadcrumb _builder_version=&#8221;3.0.47&#8243;][\/et_pb_wc_breadcrumb][et_pb_wc_cart_notice _builder_version=&#8221;3.0.47&#8243;][\/et_pb_wc_cart_notice][\/et_pb_column][\/et_pb_row][et_pb_row column_structure=&#8221;1_2,1_2&#8243; _builder_version=&#8221;3.25&#8243; background_size=&#8221;initial&#8221; background_position=&#8221;top_left&#8221; background_repeat=&#8221;repeat&#8221; width=&#8221;100%&#8221; custom_padding=&#8221;0px||||false|false&#8221;][et_pb_column type=&#8221;1_2&#8243; _builder_version=&#8221;3.25&#8243; custom_padding=&#8221;|||&#8221; custom_padding__hover=&#8221;|||&#8221;][et_pb_wc_images _builder_version=&#8221;3.0.47&#8243;][\/et_pb_wc_images][\/et_pb_column][et_pb_column type=&#8221;1_2&#8243; _builder_version=&#8221;3.25&#8243; custom_padding=&#8221;|||&#8221; custom_padding__hover=&#8221;|||&#8221;][et_pb_wc_title _builder_version=&#8221;3.0.47&#8243;][\/et_pb_wc_title][et_pb_wc_rating _builder_version=&#8221;3.0.47&#8243;][\/et_pb_wc_rating][et_pb_wc_price _builder_version=&#8221;3.0.47&#8243;][\/et_pb_wc_price][et_pb_wc_description _builder_version=&#8221;3.0.47&#8243;][\/et_pb_wc_description][et_pb_wc_add_to_cart _builder_version=&#8221;3.0.47&#8243;][\/et_pb_wc_add_to_cart][et_pb_wc_meta _builder_version=&#8221;3.0.47&#8243;][\/et_pb_wc_meta][\/et_pb_column][\/et_pb_row][et_pb_row _builder_version=&#8221;4.2.2&#8243;][et_pb_column type=&#8221;4_4&#8243; _builder_version=&#8221;4.2.2&#8243;][et_pb_code _builder_version=&#8221;4.2.2&#8243;][\/et_pb_code][\/et_pb_column][\/et_pb_row][et_pb_row _builder_version=&#8221;3.25&#8243; background_size=&#8221;initial&#8221; background_position=&#8221;top_left&#8221; background_repeat=&#8221;repeat&#8221; width=&#8221;100%&#8221;][et_pb_column type=&#8221;4_4&#8243; _builder_version=&#8221;3.25&#8243; custom_padding=&#8221;|||&#8221; custom_padding__hover=&#8221;|||&#8221;][et_pb_wc_tabs _builder_version=&#8221;3.0.47&#8243;]\t\t\t\t\t[\/et_pb_wc_tabs][et_pb_wc_upsells _builder_version=&#8221;3.0.47&#8243;][\/et_pb_wc_upsells][et_pb_wc_related_products _builder_version=&#8221;3.0.47&#8243;][\/et_pb_wc_related_products][\/et_pb_column][\/et_pb_row][\/et_pb_section]<\/p>\n","protected":false},"excerpt":{"rendered":"<p class=\"p1 translation-block\">Nassani Ultra Premium Jasmine Shampoo es un champ\u00fa de alta calidad que humecta el cuero cabelludo seco, previene la ca\u00edda del cabello y le da un cabello brillante, suave y sedoso. Est\u00e1 formulado con resveratrol natural, aceites org\u00e1nicos y extractos de plantas, sin SLS, con un pH suave ajustado e ideal para todo tipo de cabello, para ella y para \u00e9l. Volumen: 230 ml.<\/p>","protected":false},"featured_media":5273,"comment_status":"open","ping_status":"closed","template":"","meta":{"_et_pb_use_builder":"on","_et_pb_old_content":"<p class=\"p1\"><span class=\"s1\">Ce shampooing contient du resveratrol naturel, des huiles essentielles et des extraits botaniques avec des ingr\u00e9dients doux. Ces huiles et extraits organiques naturels sont une source pr\u00e9cieuse de <b>min\u00e9raux<\/b> et <b>vitamines A, B, D <\/b>et<b> E<\/b>. L'huile organique de <i>Noix de Coco<\/i> r\u00e9duit la perte de prot\u00e9ines et cr\u00e9e une barri\u00e8re protectrice sur les cheveux laissant une texture satin\u00e9e. L'huile organique de <i>Jojoba<\/i>, gr\u00e2ce \u00e0 ses propri\u00e9t\u00e9s antifongique et anti-inflammatoire, maintient la chevelure propre et en bonne sant\u00e9. Son effet <b>k\u00e9ratoplastique<\/b> rend les cheveux brillants et met en valeur sa couleur naturelle. L\u2019huile de <i>Jojoba<\/i> lisse les cuticules des cheveux et r\u00e9pare les cheveux secs, cr\u00e9pus et ternes. L\u2019extrait organique de <i>jasmin<\/i> contient des propri\u00e9t\u00e9s <b>hydratantes<\/b> pour pr\u00e9venir la d\u00e9t\u00e9rioration des cheveux. Il maintient \u00e9galement l\u2019hydratation naturelle du <b>cuir chevelu<\/b>. Ses propri\u00e9t\u00e9s th\u00e9rapeutiques naturelles \u00e9liminent les pellicules. L'huile Organique de <i>Tournesol<\/i> est une source importante d'<i>Acide Gamma Alpha Linol\u00e9nique<\/i> (GLA) qui aide \u00e0 pr\u00e9venir la perte de cheveux.<\/span><\/p>","_et_gb_content_width":""},"product_cat":[18],"product_tag":[],"_links":{"self":[{"href":"https:\/\/ca.nassanicosmetics.com\/es\/wp-json\/wp\/v2\/product\/102"}],"collection":[{"href":"https:\/\/ca.nassanicosmetics.com\/es\/wp-json\/wp\/v2\/product"}],"about":[{"href":"https:\/\/ca.nassanicosmetics.com\/es\/wp-json\/wp\/v2\/types\/product"}],"replies":[{"embeddable":true,"href":"https:\/\/ca.nassanicosmetics.com\/es\/wp-json\/wp\/v2\/comments?post=102"}],"wp:featuredmedia":[{"embeddable":true,"href":"https:\/\/ca.nassanicosmetics.com\/es\/wp-json\/wp\/v2\/media\/5273"}],"wp:attachment":[{"href":"https:\/\/ca.nassanicosmetics.com\/es\/wp-json\/wp\/v2\/media?parent=102"}],"wp:term":[{"taxonomy":"product_cat","embeddable":true,"href":"https:\/\/ca.nassanicosmetics.com\/es\/wp-json\/wp\/v2\/product_cat?post=102"},{"taxonomy":"product_tag","embeddable":true,"href":"https:\/\/ca.nassanicosmetics.com\/es\/wp-json\/wp\/v2\/product_tag?post=102"}],"curies":[{"name":"wp","href":"https:\/\/api.w.org\/{rel}","templated":true}]}}