{"id":3558,"date":"2021-02-04T13:19:51","date_gmt":"2021-02-04T18:19:51","guid":{"rendered":"https:\/\/ca.nassanicosmetics.com\/?post_type=product&#038;p=3558"},"modified":"2026-03-19T19:07:04","modified_gmt":"2026-03-19T23:07:04","slug":"177-ml-creme-corps-et-mains","status":"publish","type":"product","link":"https:\/\/ca.nassanicosmetics.com\/es\/producto\/177-ml-crema-cuerpo-y-manos\/","title":{"rendered":"177 mL Crema Cuerpo y Manos con Bio Resveratrol"},"content":{"rendered":"<p>\u00b0 Aprobado dermatol\u00f3gicamente<\/p>\n<p>\u00b0 No irritante<\/p>\n<p>\u00b0 Hipoalerg\u00e9nico<\/p>\n<p>o Formulado con Resveratrol natural<\/p>\n<p>o Ayuda a aclarar la piel para una piel visiblemente m\u00e1s radiante y m\u00e1s joven.<\/p>\n<p>o Am\u00e9liore l\u2019\u00e9lasticit\u00e9 et la souplesse de votre peau.<\/p>\n<p>o Adecuado para todo tipo de piel.<\/p>\n<p>o Application Jour et\/ou Nuit.<\/p>\n<p>o Sin parabenos a\u00f1adidos, sin formaldeh\u00eddo, dioxano, sulfatos, ftalatos y aceite mineral.<\/p>","protected":false},"excerpt":{"rendered":"<p>La Crema para Manos y Cuerpo NASSANI con Bio-Resveratrol es una crema emoliente totalmente natural. Enriquecida con una mezcla relajante de manteca de karit\u00e9 org\u00e1nica, manteca de Tucuma, aceite de jojoba, aceite de jazm\u00edn y aceite de coco, tiene una consistencia rica, cremosa y sedosa que se extiende f\u00e1cilmente y penetra en la piel creando una barrera para mantener la piel hidratada y prevenirla. de secarse y agrietarse. Su f\u00f3rmula ha sido dise\u00f1ada espec\u00edficamente para producir una sensaci\u00f3n posterior suave y lujosa sin residuos grasos.<\/p>","protected":false},"featured_media":3554,"comment_status":"open","ping_status":"closed","template":"","meta":{"_et_pb_use_builder":"","_et_pb_old_content":"","_et_gb_content_width":""},"product_cat":[17],"product_tag":[],"_links":{"self":[{"href":"https:\/\/ca.nassanicosmetics.com\/es\/wp-json\/wp\/v2\/product\/3558"}],"collection":[{"href":"https:\/\/ca.nassanicosmetics.com\/es\/wp-json\/wp\/v2\/product"}],"about":[{"href":"https:\/\/ca.nassanicosmetics.com\/es\/wp-json\/wp\/v2\/types\/product"}],"replies":[{"embeddable":true,"href":"https:\/\/ca.nassanicosmetics.com\/es\/wp-json\/wp\/v2\/comments?post=3558"}],"wp:featuredmedia":[{"embeddable":true,"href":"https:\/\/ca.nassanicosmetics.com\/es\/wp-json\/wp\/v2\/media\/3554"}],"wp:attachment":[{"href":"https:\/\/ca.nassanicosmetics.com\/es\/wp-json\/wp\/v2\/media?parent=3558"}],"wp:term":[{"taxonomy":"product_cat","embeddable":true,"href":"https:\/\/ca.nassanicosmetics.com\/es\/wp-json\/wp\/v2\/product_cat?post=3558"},{"taxonomy":"product_tag","embeddable":true,"href":"https:\/\/ca.nassanicosmetics.com\/es\/wp-json\/wp\/v2\/product_tag?post=3558"}],"curies":[{"name":"wp","href":"https:\/\/api.w.org\/{rel}","templated":true}]}}