{"id":740,"date":"2019-12-16T23:05:34","date_gmt":"2019-12-17T04:05:34","guid":{"rendered":"https:\/\/ca.nassanicosmetics.com\/?post_type=product&#038;p=740"},"modified":"2026-03-19T19:07:55","modified_gmt":"2026-03-19T23:07:55","slug":"brume-visage-a-leau-de-rose-avec-resveratrol","status":"publish","type":"product","link":"https:\/\/ca.nassanicosmetics.com\/es\/producto\/bruma-de-cara-agua-de-rosa-con-resveratrol\/","title":{"rendered":"Bruma para rostro de agua de rosas con resveratrol y vitamina C"},"content":{"rendered":"<p>[et_pb_section fb_built=&#8221;1&#8243; _builder_version=&#8221;3.22&#8243; custom_padding=&#8221;0px||||false|false&#8221;][et_pb_row _builder_version=&#8221;3.25&#8243; background_size=&#8221;initial&#8221; background_position=&#8221;top_left&#8221; background_repeat=&#8221;repeat&#8221; width=&#8221;100%&#8221; custom_padding=&#8221;0px||0px||false|false&#8221;][et_pb_column type=&#8221;4_4&#8243; _builder_version=&#8221;3.25&#8243; custom_padding=&#8221;|||&#8221; custom_padding__hover=&#8221;|||&#8221;][et_pb_wc_breadcrumb _builder_version=&#8221;3.0.47&#8243;][\/et_pb_wc_breadcrumb][et_pb_wc_cart_notice _builder_version=&#8221;3.0.47&#8243;][\/et_pb_wc_cart_notice][\/et_pb_column][\/et_pb_row][et_pb_row column_structure=&#8221;1_2,1_2&#8243; _builder_version=&#8221;3.25&#8243; background_size=&#8221;initial&#8221; background_position=&#8221;top_left&#8221; background_repeat=&#8221;repeat&#8221; width=&#8221;100%&#8221; custom_padding=&#8221;0px||||false|false&#8221;][et_pb_column type=&#8221;1_2&#8243; _builder_version=&#8221;3.25&#8243; custom_padding=&#8221;|||&#8221; custom_padding__hover=&#8221;|||&#8221;][et_pb_wc_images _builder_version=&#8221;3.0.47&#8243;][\/et_pb_wc_images][\/et_pb_column][et_pb_column type=&#8221;1_2&#8243; _builder_version=&#8221;3.25&#8243; custom_padding=&#8221;|||&#8221; custom_padding__hover=&#8221;|||&#8221;][et_pb_wc_title _builder_version=&#8221;3.0.47&#8243;][\/et_pb_wc_title][et_pb_wc_rating _builder_version=&#8221;3.0.47&#8243;][\/et_pb_wc_rating][et_pb_wc_price _builder_version=&#8221;3.0.47&#8243;][\/et_pb_wc_price][et_pb_wc_description _builder_version=&#8221;3.0.47&#8243;][\/et_pb_wc_description][et_pb_wc_add_to_cart _builder_version=&#8221;3.0.47&#8243;][\/et_pb_wc_add_to_cart][et_pb_wc_meta _builder_version=&#8221;3.0.47&#8243;][\/et_pb_wc_meta][\/et_pb_column][\/et_pb_row][et_pb_row _builder_version=&#8221;4.2.2&#8243;][et_pb_column type=&#8221;4_4&#8243; _builder_version=&#8221;4.2.2&#8243;][et_pb_video_slider _builder_version=&#8221;4.4.2&#8243; transform_scale_tablet=&#8221;124%|124%&#8221; transform_scale_phone=&#8221;126%|126%&#8221; transform_scale_last_edited=&#8221;on|phone&#8221; transform_translate_tablet=&#8221;&#8221; transform_translate_phone=&#8221;&#8221; transform_translate_last_edited=&#8221;on|desktop&#8221; transform_rotate_tablet=&#8221;&#8221; transform_rotate_phone=&#8221;&#8221; transform_rotate_last_edited=&#8221;on|desktop&#8221; transform_skew_tablet=&#8221;&#8221; transform_skew_phone=&#8221;&#8221; transform_skew_last_edited=&#8221;on|desktop&#8221; transform_origin_tablet=&#8221;&#8221; transform_origin_phone=&#8221;&#8221; transform_origin_last_edited=&#8221;on|desktop&#8221; transform_styles_last_edited=&#8221;on|phone&#8221; transform_styles_tablet=&#8221;&#8221; transform_styles_phone=&#8221;&#8221;][et_pb_video_slider_item src=&#8221;https:\/\/www.youtube.com\/watch?v=pbDPtBs7lmo&#8221; _builder_version=&#8221;4.4.2&#8243; show_image_overlay=&#8221;off&#8221;][\/et_pb_video_slider_item][et_pb_video_slider_item src=&#8221;https:\/\/www.youtube.com\/watch?v=Edrra4eQguo&#8221; _builder_version=&#8221;4.4.2&#8243; show_image_overlay=&#8221;off&#8221;][\/et_pb_video_slider_item][\/et_pb_video_slider][\/et_pb_column][\/et_pb_row][et_pb_row _builder_version=&#8221;3.25&#8243; background_size=&#8221;initial&#8221; background_position=&#8221;top_left&#8221; background_repeat=&#8221;repeat&#8221; width=&#8221;100%&#8221;][et_pb_column type=&#8221;4_4&#8243; _builder_version=&#8221;3.25&#8243; custom_padding=&#8221;|||&#8221; custom_padding__hover=&#8221;|||&#8221;][et_pb_wc_tabs _builder_version=&#8221;3.0.47&#8243;]\t\t\t\t\t[\/et_pb_wc_tabs][et_pb_wc_upsells _builder_version=&#8221;3.0.47&#8243;][\/et_pb_wc_upsells][et_pb_wc_related_products _builder_version=&#8221;3.0.47&#8243;][\/et_pb_wc_related_products][\/et_pb_column][\/et_pb_row][\/et_pb_section]<\/p>\n","protected":false},"excerpt":{"rendered":"<p class=\"translation-block\">Para una tez hermosa y de aspecto m\u00e1s joven.\nEsta Rose Water Face Mist tiene un efecto hidratante instant\u00e1neo y nutre tu piel. Rosa Damascena org\u00e1nica hidrata profundamente mientras que la vitamina C proporciona nutrientes que reducen el enrojecimiento y la hinchaz\u00f3n. El resveratrol natural estimula el col\u00e1geno, previene la hiperpigmentaci\u00f3n y ayuda a la elasticidad de la piel a reducir la aparici\u00f3n de l\u00edneas finas. LA BRUMA PARA ROSTRO HIDRATANTE Y NUTRITIVA DE NASSANI, le da a la piel una apariencia m\u00e1s bella y una sensaci\u00f3n juvenil con cada uso.<\/p>","protected":false},"featured_media":752,"comment_status":"open","ping_status":"closed","template":"","meta":{"_et_pb_use_builder":"on","_et_pb_old_content":"<ul>\r\n \t<li>Approuv\u00e9 dermatologiquement<\/li>\r\n \t<li>Nonirritant<\/li>\r\n \t<li>Hypoallerg\u00e9nique<\/li>\r\n \t<li>Hydrate et nourrit la peau en profondeur<\/li>\r\n \t<li>Pr\u00e9vient l'hyperpigmentation et r\u00e9duit les rougeurs<\/li>\r\n \t<li>Stimule le collag\u00e8ne, et aide l'\u00e9lasticit\u00e9 de la peau pour r\u00e9duire l'apparence des rides.<\/li>\r\n \t<li>Donne \u00e0 la peau une apparence et une sensation de jeunesse plus belle \u00e0 chaque utilisation.<\/li>\r\n \t<li>Non test\u00e9 sur les animaux<\/li>\r\n \t<li>Convient aux peaux sensibles<\/li>\r\n<\/ul>","_et_gb_content_width":""},"product_cat":[17],"product_tag":[],"_links":{"self":[{"href":"https:\/\/ca.nassanicosmetics.com\/es\/wp-json\/wp\/v2\/product\/740"}],"collection":[{"href":"https:\/\/ca.nassanicosmetics.com\/es\/wp-json\/wp\/v2\/product"}],"about":[{"href":"https:\/\/ca.nassanicosmetics.com\/es\/wp-json\/wp\/v2\/types\/product"}],"replies":[{"embeddable":true,"href":"https:\/\/ca.nassanicosmetics.com\/es\/wp-json\/wp\/v2\/comments?post=740"}],"wp:featuredmedia":[{"embeddable":true,"href":"https:\/\/ca.nassanicosmetics.com\/es\/wp-json\/wp\/v2\/media\/752"}],"wp:attachment":[{"href":"https:\/\/ca.nassanicosmetics.com\/es\/wp-json\/wp\/v2\/media?parent=740"}],"wp:term":[{"taxonomy":"product_cat","embeddable":true,"href":"https:\/\/ca.nassanicosmetics.com\/es\/wp-json\/wp\/v2\/product_cat?post=740"},{"taxonomy":"product_tag","embeddable":true,"href":"https:\/\/ca.nassanicosmetics.com\/es\/wp-json\/wp\/v2\/product_tag?post=740"}],"curies":[{"name":"wp","href":"https:\/\/api.w.org\/{rel}","templated":true}]}}