{"id":99,"date":"2019-08-10T23:00:59","date_gmt":"2019-08-11T03:00:59","guid":{"rendered":"https:\/\/ca.nassanicosmetics.com\/produit\/lavender-hair-and-body-shampoo\/"},"modified":"2026-03-19T19:09:12","modified_gmt":"2026-03-19T23:09:12","slug":"shampoing-resveratrol-naturel","status":"publish","type":"product","link":"https:\/\/ca.nassanicosmetics.com\/es\/producto\/champu-natural-resveratrol\/","title":{"rendered":"Champ\u00fa lavanda con Resveratrol natural"},"content":{"rendered":"<p class=\"p1 translation-block\">Este champ\u00fa contiene resveratrol, aceites esenciales y extractos bot\u00e1nicos con ingredientes suaves. Estos aceites y extractos org\u00e1nicos naturales son una valiosa fuente de minerales y vitaminas A, B, D y E. El aceite de coco org\u00e1nico reduce la p\u00e9rdida de prote\u00ednas y crea una barrera protectora en el cabello dejando una textura sedosa. El aceite de jojoba org\u00e1nico, gracias a sus propiedades antif\u00fangicas y antiinflamatorias, mantiene el cabello limpio y saludable. Su efecto queratopl\u00e1stico hace que el cabello brille y mejora su color natural. El aceite de jojoba alisa las cut\u00edculas capilares y repara el cabello seco, encrespado y sin brillo. El aceite de lavanda francesa tiene propiedades que funcionan contra los piojos. Es \u00fatil en el tratamiento de infecciones del cuero cabelludo y su sequedad. Sus propiedades antimicrobianas ayudan a prevenir el crecimiento de bacterias y hongos. El aroma calmante del aceite de lavanda ayuda a calmar el sistema nervioso. El aceite de girasol org\u00e1nico es una fuente importante de \u00e1cido alfa linol\u00e9nico gamma (GLA) que ayuda a prevenir la ca\u00edda del cabello.<\/p>","protected":false},"excerpt":{"rendered":"<p class=\"p1 translation-block\">Nassani Lavender Hair &amp; Body Shampoo es un champ\u00fa de alta calidad que humecta el cuero cabelludo seco y previene la ca\u00edda del cabello. El aroma calmante del aceite de lavanda ayuda a calmar el sistema nervioso. Est\u00e1 formulado con resveratrol natural, aceites org\u00e1nicos y extractos de plantas, sin SLS, con un pH suave ajustado e ideal para todo tipo de cabello, para ella y para \u00e9l. Volumen: 230 ml.<\/p>","protected":false},"featured_media":5275,"comment_status":"open","ping_status":"closed","template":"","meta":{"_et_pb_use_builder":"","_et_pb_old_content":"","_et_gb_content_width":""},"product_cat":[18],"product_tag":[],"_links":{"self":[{"href":"https:\/\/ca.nassanicosmetics.com\/es\/wp-json\/wp\/v2\/product\/99"}],"collection":[{"href":"https:\/\/ca.nassanicosmetics.com\/es\/wp-json\/wp\/v2\/product"}],"about":[{"href":"https:\/\/ca.nassanicosmetics.com\/es\/wp-json\/wp\/v2\/types\/product"}],"replies":[{"embeddable":true,"href":"https:\/\/ca.nassanicosmetics.com\/es\/wp-json\/wp\/v2\/comments?post=99"}],"wp:featuredmedia":[{"embeddable":true,"href":"https:\/\/ca.nassanicosmetics.com\/es\/wp-json\/wp\/v2\/media\/5275"}],"wp:attachment":[{"href":"https:\/\/ca.nassanicosmetics.com\/es\/wp-json\/wp\/v2\/media?parent=99"}],"wp:term":[{"taxonomy":"product_cat","embeddable":true,"href":"https:\/\/ca.nassanicosmetics.com\/es\/wp-json\/wp\/v2\/product_cat?post=99"},{"taxonomy":"product_tag","embeddable":true,"href":"https:\/\/ca.nassanicosmetics.com\/es\/wp-json\/wp\/v2\/product_tag?post=99"}],"curies":[{"name":"wp","href":"https:\/\/api.w.org\/{rel}","templated":true}]}}